{"id":2623,"date":"2021-11-30T21:46:47","date_gmt":"2021-11-30T20:46:47","guid":{"rendered":"https:\/\/www.yasukoyamaguchi.com\/works\/"},"modified":"2026-02-08T08:27:19","modified_gmt":"2026-02-08T07:27:19","slug":"works","status":"publish","type":"page","link":"https:\/\/www.yasukoyamaguchi.com\/en\/works\/","title":{"rendered":"Works"},"content":{"rendered":"<p>[et_pb_section fb_built=&#8221;1&#8243; admin_label=&#8221;section&#8221; _builder_version=&#8221;4.17.1&#8243; background_image=&#8221;https:\/\/www.yasukoyamaguchi.com\/wp-content\/uploads\/2022\/01\/DSC_0282.jpg&#8221; parallax=&#8221;on&#8221; width_tablet=&#8221;&#8221; width_phone=&#8221;&#8221; width_last_edited=&#8221;on|phone&#8221; height=&#8221;600px&#8221; height_tablet=&#8221;500px&#8221; height_phone=&#8221;450px&#8221; height_last_edited=&#8221;on|phone&#8221; global_colors_info=&#8221;{}&#8221;][et_pb_row _builder_version=&#8221;4.16&#8243; _module_preset=&#8221;default&#8221; background_enable_color=&#8221;off&#8221; background_color_gradient_direction=&#8221;90deg&#8221; background_color_gradient_start=&#8221;#8ebf6b&#8221; background_color_gradient_end=&#8221;#8ebf6b&#8221; width=&#8221;400px&#8221; width_tablet=&#8221;320px&#8221; width_phone=&#8221;260px&#8221; width_last_edited=&#8221;on|desktop&#8221; module_alignment=&#8221;left&#8221; custom_margin=&#8221;50px||||false|false&#8221; custom_margin_tablet=&#8221;50px||||false|false&#8221; custom_margin_phone=&#8221;200px||||false|false&#8221; custom_margin_last_edited=&#8221;on|phone&#8221; animation_style=&#8221;slide&#8221; animation_direction=&#8221;left&#8221; animation_intensity_slide=&#8221;5%&#8221; border_radii=&#8221;off||10px|10px|&#8221; border_color_right=&#8221;#342E59&#8243; saved_tabs=&#8221;all&#8221; global_colors_info=&#8221;{}&#8221;][et_pb_column type=&#8221;4_4&#8243; _builder_version=&#8221;4.16&#8243; _module_preset=&#8221;default&#8221; background_color=&#8221;#272243&#8243; custom_padding=&#8221;4%||4%||false|false&#8221; border_radii=&#8221;off||10px|10px|&#8221; global_colors_info=&#8221;{}&#8221;][et_pb_text _builder_version=&#8221;4.17.1&#8243; _module_preset=&#8221;default&#8221; header_font_size=&#8221;42px&#8221; custom_margin=&#8221;|||15%|false|false&#8221; header_font_size_tablet=&#8221;30px&#8221; header_font_size_phone=&#8221;26px&#8221; header_font_size_last_edited=&#8221;on|phone&#8221; header_line_height_tablet=&#8221;1em&#8221; header_line_height_phone=&#8221;1em&#8221; header_line_height_last_edited=&#8221;on|tablet&#8221; global_colors_info=&#8221;{}&#8221;]<\/p>\n<h1>Works<\/h1>\n<p>[\/et_pb_text][\/et_pb_column][\/et_pb_row][\/et_pb_section][et_pb_section fb_built=&#8221;1&#8243; custom_padding_last_edited=&#8221;on|phone&#8221; _builder_version=&#8221;4.17.0&#8243; _module_preset=&#8221;default&#8221; background_color=&#8221;#FDFAF6&#8243; custom_margin=&#8221;||||false|false&#8221; custom_padding=&#8221;||140px||false|false&#8221; custom_padding_tablet=&#8221;||100px||false|false&#8221; custom_padding_phone=&#8221;||60px||false|false&#8221; bottom_divider_style=&#8221;asymmetric2&#8243; bottom_divider_color=&#8221;#4C4C4C&#8221; bottom_divider_flip=&#8221;vertical&#8221; bottom_divider_height_tablet=&#8221;80px&#8221; bottom_divider_height_phone=&#8221;50px&#8221; bottom_divider_height_last_edited=&#8221;on|phone&#8221; global_colors_info=&#8221;{}&#8221;][et_pb_row _builder_version=&#8221;4.16&#8243; _module_preset=&#8221;default&#8221; global_colors_info=&#8221;{}&#8221;][et_pb_column type=&#8221;4_4&#8243; _builder_version=&#8221;4.16&#8243; _module_preset=&#8221;default&#8221; global_colors_info=&#8221;{}&#8221;][et_pb_tabs active_tab_background_color=&#8221;#8EBF6B&#8221; inactive_tab_background_color=&#8221;#FDFAF6&#8243; active_tab_text_color=&#8221;#4C4C4C&#8221; admin_label=&#8221;Werke&#8221; module_class=&#8221;werke equal-tabs&#8221; _builder_version=&#8221;4.27.4&#8243; _module_preset=&#8221;default&#8221; tab_text_color=&#8221;#4C4C4C&#8221; body_font=&#8221;Raleway||||||||&#8221; tab_font=&#8221;Raleway|600|||||||&#8221; tab_font_size=&#8221;17px&#8221; tab_font_size_tablet=&#8221;15px&#8221; tab_font_size_phone=&#8221;15px&#8221; tab_font_size_last_edited=&#8221;on|tablet&#8221; custom_css_tabs_controls=&#8221;||margin-bottom: 40px;||background: #fdfaf6;||&#8221; custom_css_tab=&#8221;background: #fdfaf6;||margin-right: 2%;||margin-bottom: 10px;||border: 2px solid #8ebf6b;||border-radius: 10px;||||||&#8221; custom_css_active_tab=&#8221;background: #8ebf6b;&#8221; border_width_all=&#8221;0px&#8221; global_colors_info=&#8221;{}&#8221; active_tab_background_color__hover_enabled=&#8221;on|hover&#8221; inactive_tab_background_color__hover_enabled=&#8221;on|hover&#8221; inactive_tab_background_color__hover=&#8221;rgba(142,191,107,0.79)&#8221; tab_text_color__hover_enabled=&#8221;on|hover&#8221; tab_text_color__hover=&#8221;#4C4C4C&#8221; active_tab_background_color__hover=&#8221;#8EBF6B&#8221; custom_css_tabs_controls_last_edited=&#8221;on|phone&#8221; custom_css_tabs_controls_tablet=&#8221;||margin-bottom: 40px;||background: #fdfaf6;||&#8221; custom_css_tabs_controls_phone=&#8221;||margin-bottom: 40px;||background: #fdfaf6;||&#8221; custom_css_tab_last_edited=&#8221;on|tablet&#8221; custom_css_tab_phone=&#8221;width: 100%!important;||background: #fdfaf6;||margin-right: 2%;||margin-bottom: 10px;||border: 2px solid #8ebf6b;||border-radius: 10px;&#8221; custom_css_tab_tablet=&#8221;background: #fdfaf6;||margin-right: 2%;||margin-bottom: 10px;||border: 2px solid #8ebf6b;||border-radius: 10px;||width: 16%!important;||&#8221; custom_css_tab__hover_enabled=&#8221;on|desktop&#8221; custom_css_tab__hover=&#8221;background: #fdfaf6;||margin-right: 2%;||margin-bottom: 10px;||border: 2px solid #8ebf6b;||border-radius: 10px;||||||&#8221;][et_pb_tab title=&#8221;Orchestra&#8221; _builder_version=&#8221;4.17.1&#8243; _module_preset=&#8221;default&#8221; body_text_color=&#8221;#4C4C4C&#8221; body_line_height=&#8221;1.6em&#8221; tab_font=&#8221;||||||||&#8221; tab_text_color=&#8221;#4C4C4C&#8221; tab_font_size=&#8221;17px&#8221; background_color=&#8221;#FDFAF6&#8243; background_enable_color=&#8221;on&#8221; global_colors_info=&#8221;{}&#8221;]<\/p>\n<h2>Das Stehaufm\u00e4nnchen ist umgefallen (1999)<\/h2>\n<h4>for Orchestra | 7&#8217;00&#8221;<\/h4>\n<p>Commissioned by the D\u00fcsseldorfer Altstadt Herbst<br \/>World premiere: October 03, 1999 D\u00fcsseldorf, Germany<br \/>D\u00fcsseldorfer Altstadt Herbst Orchester, Cond.: Martin Fratz<\/p>\n<p>[\/et_pb_tab][et_pb_tab title=&#8221;Large Ensemble&#8221; _builder_version=&#8221;4.27.4&#8243; _module_preset=&#8221;default&#8221; body_text_color=&#8221;#4C4C4C&#8221; body_line_height=&#8221;1.6em&#8221; tab_font=&#8221;||||||||&#8221; tab_text_color=&#8221;#4C4C4C&#8221; tab_font_size=&#8221;17px&#8221; background_color=&#8221;#FDFAF6&#8243; background_enable_color=&#8221;on&#8221; global_colors_info=&#8221;{}&#8221;]<\/p>\n<h2>Schmelzofen (2024)<\/h2>\n<h4>for 9 Instruments | 8&#8242; 30&#8243;<\/h4>\n<p>Commissioned by the Kunststiftung NRW<br \/>World premiere: October 5, 2024 Tokyo, Japan<br \/>Ensemble NOMAD, Cond.: Norio Sato<\/p>\n<p>&nbsp;<\/p>\n<h2>Buttes Tr\u00e4ume (2013)<\/h2>\n<h4>for 15 Instruments | 10&#8242; 00&#8243;<\/h4>\n<p>Commissioned by the Tonhalle D\u00fcsseldorf<br \/>World premiere: May 29, 2013 D\u00fcsseldorf, Germany<br \/>Studio Musikfabrik, Cond.: Peter Veale<\/p>\n<p>&nbsp;<\/p>\n<h2>Sichtgrenze (1999)<\/h2>\n<h4>for 20 Piccolos | 6\u2019 00\u201d<\/h4>\n<p>World premiere: June 23, 1999 D\u00fcsseldorf, Germany<br \/>Robert-Schumann-Hochschule, Cond.: Andr\u00e9 Sebald<\/p>\n<p>&nbsp;<\/p>\n<h2>Positions (1998)<\/h2>\n<h4>for 14 Instruments | 3\u2019 30\u201d<\/h4>\n<p>World premiere: February 19, 1999 Apeldoorn, the Netherlands<br \/>Ensemble De Ereprijs, Cond.: Wim Boerman<\/p>\n<p>[\/et_pb_tab][et_pb_tab title=&#8221;Vocal Music&#8221; _builder_version=&#8221;4.16&#8243; _module_preset=&#8221;default&#8221; body_text_color=&#8221;#4C4C4C&#8221; body_line_height=&#8221;1.6em&#8221; tab_font=&#8221;||||||||&#8221; tab_text_color=&#8221;#4C4C4C&#8221; tab_font_size=&#8221;17px&#8221; background_color=&#8221;#FDFAF6&#8243; background_enable_color=&#8221;on&#8221; global_colors_info=&#8221;{}&#8221;]<\/p>\n<h2>Higurashi, Goldk\u00e4fer und Mittagsnachrichten (2015)<\/h2>\n<h4>(Lyrics: Naoko Kudo)<br \/>for Mixed choir and Piano | 15\u2019 00\u201d<\/h4>\n<p>Commissioned by the New Choir<br \/>World premiere: November 29, 2015 Tokyo, Japan<br \/>New Choir, Cond.: Nobuaki Tanaka, Piano: Kaori Nakajima<\/p>\n<p>&nbsp;<\/p>\n<h2>Lieder von Buschs\u00e4nger, Hase, Grille und Taumelk\u00e4fer (2013)<\/h2>\n<h4>for Noh-voice und Clarinet | 15\u2019 00\u201d<\/h4>\n<p>Commissioned by Ryoko Aoki World premiere: March 19, 2013 Tokyo, Japan<br \/>Ryoko Aoki, Noh-voice, Takashi Yamane, Clarinet<\/p>\n<p>&nbsp;<\/p>\n<h2>UNDULATION IV (2002)<\/h2>\n<h4>for Soprano, Clarinet, Piano and Cello | 8\u2019 30\u201d<\/h4>\n<p>World premiere: February 14, 2002 Baku, Azerbaijan<br \/>Ensemble SoNoR<\/p>\n<p>[\/et_pb_tab][et_pb_tab title=&#8221;Chamber Music (2 to 6 players)&#8221; _builder_version=&#8221;4.27.4&#8243; _module_preset=&#8221;default&#8221; body_text_color=&#8221;#4C4C4C&#8221; body_line_height=&#8221;1.6em&#8221; tab_font=&#8221;||||||||&#8221; tab_text_color=&#8221;#4C4C4C&#8221; tab_font_size=&#8221;17px&#8221; background_color=&#8221;#FDFAF6&#8243; background_enable_color=&#8221;on&#8221; global_colors_info=&#8221;{}&#8221;]<\/p>\n<h2>Schattenlicht (2024)<\/h2>\n<h4>for Violin, Viola and Violoncello | 6&#8242; 30&#8243;<\/h4>\n<p>World premiere: September 07, 2024 Dresden, Germany<br \/>Ensemble El Perro Andaluz<\/p>\n<h2>\u00a0<\/h2>\n<h2>L\u00e4rchenholzschindeln (2022)<\/h2>\n<h4>for Clarinet, Violoncello and Piano | 10\u2019 30\u201d<\/h4>\n<p>Funded by the GEMA grant<br \/>World premiere: December 12, 2022 Tokyo, Japan<br \/>Ryuta Iwase, Clarinet \/ Aki Kitajima, Violoncello \/ Erika Kawamura, Piano<\/p>\n<h2>\u00a0<\/h2>\n<h2>Luciferin (2016\/2022)<\/h2>\n<h4>for Hichiriki and Accordion | 9&#8242; 00&#8243;<\/h4>\n<p>World premiere: December 12, 2022 Tokyo, Japan<br \/>Hitomi Nakamura, Hichiriki \/ Tomomi Matsubara, Accordion<\/p>\n<h2>\u00a0<\/h2>\n<h2>Die Entdeckung der Freude im Schnee (2014\/2021)<\/h2>\n<h4>for Violin and Harp | 7&#8242; 00&#8243;<\/h4>\n<p>World premiere: June 19, 2022 Kurayoshi, Japan<br \/>Duo X[iksa] (Yasutaka Hemmi, Violine \/ Takayo Matsumura, Harfe)<\/p>\n<h2>\u00a0<\/h2>\n<h2>Unterbrochene Landschaft (2021)<\/h2>\n<h4>for Piccolo and Organ | 9\u2019 00\u201d<\/h4>\n<p>Funded by the NRW artist grant<br \/>World premiere: May 26, 2022 Rostock, Germany<br \/>Evelin Degen, Piccolo \/ Matthias Geuting, Organ<\/p>\n<h2>\u00a0<\/h2>\n<h2>Stein. Wasser. Licht. (2020)<\/h2>\n<h4>for Saxophone, Accordion and Double bass | 11\u2019 00\u201d<\/h4>\n<p>Commissioned by the Kunststiftung NRW<br \/>World premiere: September 18, 2020 Val\u00e8ncia, Spain<br \/>Tr\u00edo Feedback (Ricard Capellino, Sax. \/ Esteban Algora, Acc. \/ Dario Calderone, Db.)<\/p>\n<p>&nbsp;<\/p>\n<h2>Luciferin (2016\/2019)<\/h2>\n<h4>for Shakuhachi and Accordion | 9&#8242; 00&#8243;<\/h4>\n<p>World premiere: TBA<br \/>Horacio Curti, Shakuhachi \/ Esteban Algora, Accordion<\/p>\n<p>&nbsp;<\/p>\n<h2>Windweben (2007\/2017)<\/h2>\n<h4>for Bass clarinet, Accordion and Cello | 8\u2019 00\u201d<\/h4>\n<p>World premiere: December 04, 2017 Leipzig, Germany<br \/>Eva Z\u00f6llner, Accordion + Talea Ensemble<\/p>\n<h2>\u00a0<\/h2>\n<h2>Windesspuren (2017)<\/h2>\n<h4>for Clarinet and Accordion | 3&#8242; 30&#8243;<\/h4>\n<p>World premiere: November 20, 2017 Oulu, Finland<br \/>Taifun duo<\/p>\n<h2>\u00a0<\/h2>\n<h2>Luftgeister (2017)<\/h2>\n<h4>for Flute, Guitar and Percussion | 9\u2019 00\u201d<\/h4>\n<p>World premiere: September 08, 2017 09. Winsen\/Luhe, Germany<br \/>Ensemble L&#8217;ART POUR L&#8217;ART<\/p>\n<h2>\u00a0<\/h2>\n<h2>Luciferin (2016)<\/h2>\n<h4>for Hichiriki and Sh\u00f4 | 9\u2019 00\u201d<\/h4>\n<p>Commissioned by Hitomi Nakamura<br \/>World premiere: July 22, 2016 Tokyo, Japan<br \/>Hitomi Nakamura, Hichiriki \/ K\u00f4 Ishikawa, Sh\u00f4<\/p>\n<h2>\u00a0<\/h2>\n<h2>Pekaris in der Ruine (2016)<\/h2>\n<h4>for Trombone and Piano | 9\u2019 00\u201d<\/h4>\n<p>Commissioned by the Contemporary Duo<br \/>World premiere: February 29, 2016 Tokyo, Japan<br \/>Contemporary Duo (Kousei Murata, Trombone \/ Kazue Nakamura, Piano)<\/p>\n<h2>\u00a0<\/h2>\n<h2>Die Entdeckung der Freude im Schnee (2014)<\/h2>\n<h4>for Clarinet and Harp | 7&#8242; 00&#8243;<\/h4>\n<p>Funded by Udo van Meeteren<br \/>World premiere: January 16, 2015 Berlin, Germany<br \/>Duo Imaginaire (John Corbett, Clarinet \/ Simone Seiler, Harp)<\/p>\n<h2>\u00a0<\/h2>\n<h2>Lieder von Buschs\u00e4nger, Hase, Grille und Taumelk\u00e4fer (2012)<\/h2>\n<h4>for Noh-voice and Clarinet | 18&#8242; 00&#8221;<\/h4>\n<p>Commissioned by Ryoko Aoki<br \/>World premiere: March 19, 2013 Tokyo, Japan<br \/>Ryoko Aoki, Noh-voice \/ Takashi Yamane, Clarinet<\/p>\n<h2>\u00a0<\/h2>\n<h2>Wurzeln (2009-2010)<\/h2>\n<h4>for Hichiriki, Cello, Percussion and Piano | 9\u2019 00\u201d<\/h4>\n<p>Commissioned by Music From Japan<br \/>World premiere: February 21, 2010 New York, USA<br \/>Hitomi Nakamura, Hichiriki \/ Fred Sherry, Vc. \/ Eric Poland, Perc. \/ Stephen Gosling, Pf.<\/p>\n<h2>\u00a0<\/h2>\n<h2>Wind.Regen.Tanz. (2008) (2008)<\/h2>\n<h4>for Alto flute, Violin and Percussion | 13\u2019 00\u201d<\/h4>\n<p>Commissioned by the Tonhalle D\u00fcsseldorf<br \/>World premiere: September 19, 2008 D\u00fcsseldorf, Germany<br \/>E-MEX Ensemble<\/p>\n<h2>\u00a0<\/h2>\n<h2>Die lebenden Spuren (2007)<\/h2>\n<h4>for Flute, Clarinet, Violin, Cello and Piano | 12\u2019 00\u201d<\/h4>\n<p>World premiere: May 29, 2013 Dortmund, Germany<br \/>E-MEX Ensemble<\/p>\n<p>&nbsp;<\/p>\n<h2>Irregehen (2004\/2007)<\/h2>\n<h4>for Bass clarinet and Cello | 10\u2019 00\u201d<\/h4>\n<p>World premiere: May 29, 2013 Dortmund, Germany<br \/>E-MEX Ensemble<\/p>\n<h2>\u00a0<\/h2>\n<h2>Windweben (2007)<\/h2>\n<h4>for Tenor saxophone, Accordion and Cello | 10\u2019 00\u201d<\/h4>\n<p>World premiere: June 21, 2007 Freiburg, Germany<br \/>Ensemble ecco<\/p>\n<h2>\u00a0<\/h2>\n<h2>Nachtlied (2005)<\/h2>\n<h4>for Clarinet, Cello and Piano | 8\u2019 00\u201d<\/h4>\n<p>Commissioned by the Tonhalle D\u00fcsseldorf and the Dr. Karl Emil and Lilli Br\u00fcgmann Foundation<br \/>World premiere: October 31, 2005 Tokyo, Japan<br \/>E-MEX Trio<\/p>\n<p>&nbsp;<\/p>\n<h2>Lichttempel (2005)<\/h2>\n<h4>for Flute and Piano | 11\u2019 00\u201d<\/h4>\n<p>World premiere: May 29, 2013 Dortmund, Germany<br \/>E-MEX Ensemble<\/p>\n<p>&nbsp;<\/p>\n<h2>Parabel (2004-05)<\/h2>\n<h4>for Flute, Clarinet, Percussion, Violin and Cello | 7\u2019 00\u201d<\/h4>\n<p>Commissioned by the Kunststiftung NRW<br \/>World premiere: January 20, 2005 D\u00fcsseldorf, Germany<br \/>Th\u00fcrmchenensemble, Cond.: Erik O\u00f1a<\/p>\n<p>&nbsp;<\/p>\n<h2>Zweisax (2004)<\/h2>\n<h4>for two Tenor saxophones | 10\u2019 00\u201d<\/h4>\n<p>World premiere: May 12, 2005 Freiburg, Germany<br \/>Saxophoneduo dialodia<\/p>\n<p>&nbsp;<\/p>\n<h2>Irregehen (2004)<\/h2>\n<h4>for Bass clarinet and Double bass | 10\u2019 00\u201d<\/h4>\n<p>World premiere: February 23, 2007 D\u00fcsseldorf, Germany<br \/>notabu.ensemble neue musik<\/p>\n<p>&nbsp;<\/p>\n<h2>Beach Birds (2003)<\/h2>\n<h4>for Mandolin and Guitar | 10\u2019 00\u201d<\/h4>\n<p>World premiere: September 08, 2017 02. M\u00fcnchen, Germany<br \/>Daniel Ahlert, Mandolin \/ Birgit Schwab, Guitar<\/p>\n<p>&nbsp;<\/p>\n<h2>UNDULATION IV (2002)<\/h2>\n<h4>for Soprano, Clarinet, Piano and Cello | 8\u2019 30\u201d<\/h4>\n<p>World premiere: February 14, 2002 Baku, Azerbaijan<br \/>Ensemble SoNoR<\/p>\n<p>&nbsp;<\/p>\n<h2>Aus dem Nebel (1998)<\/h2>\n<h4>for Clarinet, Vibraphone and Double bass| 7\u2019 00\u201d<\/h4>\n<p>World premiere: September 13, 1998 Grevenbroich, Germany<br \/>notabu.ensemble neue musik, Cond.: Mark-Andreas Schlingensiepen<\/p>\n<p>&nbsp;<\/p>\n<h2>UNDULATION III (1998)<\/h2>\n<h4>for two Violins and Viola | 8\u2019 30\u201d<\/h4>\n<p>World premiere: February 25, 1998 Tokyo, Japan<br \/>Kioko Yasuda, Violin I \/ Kiyo Kido, Violin II \/ Keiko Kimura, Viola<\/p>\n<p>[\/et_pb_tab][et_pb_tab title=&#8221;Solo&#8221; _builder_version=&#8221;4.27.4&#8243; _module_preset=&#8221;default&#8221; body_text_color=&#8221;#4C4C4C&#8221; body_line_height=&#8221;1.6em&#8221; tab_font=&#8221;||||||||&#8221; tab_text_color=&#8221;#4C4C4C&#8221; tab_font_size=&#8221;17px&#8221; background_color=&#8221;#FDFAF6&#8243; background_enable_color=&#8221;on&#8221; global_colors_info=&#8221;{}&#8221;]<\/p>\n<h2>Akoya (2022)<\/h2>\n<h4>for Electric Guitar | 8&#8242; 30&#8243;<\/h4>\n<p>Funded by the NRW artist grant<br \/>World premiere: December 12, 2022 Tokyo, Japan<br \/>Gaku Yamada, Electric Guitar<\/p>\n<p>&nbsp;<\/p>\n<h2>Three Miniatures for the Belwalder Village Organ (2022)<\/h2>\n<h4>for Organ | 7&#8242; 00&#8221;<\/h4>\n<p>World premiere: September 17, 2022 Bellwald, Switzerland<br \/>Yasuko Yamaguchi, Organ<\/p>\n<h2>\u00a0<\/h2>\n<h2>I canti del gabbiano e il silenzio della laguna di notte (2018-19)<\/h2>\n<h4>for Piano | 9&#8242; 00&#8221;<\/h4>\n<p>World premiere: February 27, 2019 Venice, Italy<br \/>Martin von der Heydt, Piano<\/p>\n<p>&nbsp;<\/p>\n<h2>Hirtenmusik (2012\/2018)<\/h2>\n<h4>for Electone | 9&#8242; 00&#8221;<\/h4>\n<p>World premiere: December 19, 2018 Tokyo, Japan<br \/>Yukino Ichikawa, Electone<\/p>\n<p>&nbsp;<\/p>\n<h2>Hirtenmusik (2012)<\/h2>\n<h4>for Organ | 9&#8242; 00&#8221;<\/h4>\n<p>World premiere: June 01, 2012 06. Remscheid, Germany<br \/>Matthias Geuting, Organ<\/p>\n<p>&nbsp;<\/p>\n<h2>Zuckerregen (2002)<\/h2>\n<h4>for Toy piano | 6\u2019 30\u201d<\/h4>\n<p>World premiere: January 16, 2015 D\u00fcsseldorf, Germany<br \/>Bernd Wiesemann, Toy piano<\/p>\n<p>&nbsp;<\/p>\n<h2>zw\u00f6lf (2001)<\/h2>\n<h4>for Piano | 3\u2019 40\u201d<\/h4>\n<p>World premiere: June 07, 2002 06. Paris, France<br \/>Marcel Worms, Piano<\/p>\n<p>&nbsp;<\/p>\n<h2>Ich bin ein Teil des Teils (2000)<\/h2>\n<h4>for Piano | 8\u2019 30\u201d<\/h4>\n<p>World premiere: April 25, 2001 Cologne, Germany<br \/>Yoshishige Tanaka, Piano<\/p>\n<p>[\/et_pb_tab][\/et_pb_tabs][\/et_pb_column][\/et_pb_row][\/et_pb_section]<\/p>\n","protected":false},"excerpt":{"rendered":"<p>WorksDas Stehaufm\u00e4nnchen ist umgefallen (1999) for Orchestra | 7&#8217;00&#8221; Commissioned by the D\u00fcsseldorfer Altstadt HerbstWorld premiere: October 03, 1999 D\u00fcsseldorf, GermanyD\u00fcsseldorfer Altstadt Herbst Orchester, Cond.: Martin FratzSchmelzofen (2024) for 9 [&hellip;]<\/p>\n","protected":false},"author":1,"featured_media":0,"parent":0,"menu_order":0,"comment_status":"closed","ping_status":"closed","template":"","meta":{"_et_pb_use_builder":"on","_et_pb_old_content":"","_et_gb_content_width":"","footnotes":""},"class_list":["post-2623","page","type-page","status-publish","hentry"],"yoast_head":"<!-- This site is optimized with the Yoast SEO plugin v27.3 - https:\/\/yoast.com\/product\/yoast-seo-wordpress\/ -->\n<title>Works - Yasuko Yamaguchi<\/title>\n<meta name=\"robots\" content=\"index, follow, max-snippet:-1, max-image-preview:large, max-video-preview:-1\" \/>\n<link rel=\"canonical\" href=\"https:\/\/www.yasukoyamaguchi.com\/en\/works\/\" \/>\n<meta property=\"og:locale\" content=\"en_US\" \/>\n<meta property=\"og:type\" content=\"article\" \/>\n<meta property=\"og:title\" content=\"Works - Yasuko Yamaguchi\" \/>\n<meta property=\"og:description\" content=\"WorksDas Stehaufm\u00e4nnchen ist umgefallen (1999) for Orchestra | 7&#039;00&quot; Commissioned by the D\u00fcsseldorfer Altstadt HerbstWorld premiere: October 03, 1999 D\u00fcsseldorf, GermanyD\u00fcsseldorfer Altstadt Herbst Orchester, Cond.: Martin FratzSchmelzofen (2024) for 9 [&hellip;]\" \/>\n<meta property=\"og:url\" content=\"https:\/\/www.yasukoyamaguchi.com\/en\/works\/\" \/>\n<meta property=\"og:site_name\" content=\"Yasuko Yamaguchi\" \/>\n<meta property=\"article:modified_time\" content=\"2026-02-08T07:27:19+00:00\" \/>\n<meta name=\"twitter:card\" content=\"summary_large_image\" \/>\n<meta name=\"twitter:label1\" content=\"Est. reading time\" \/>\n\t<meta name=\"twitter:data1\" content=\"7 minutes\" \/>\n<script type=\"application\/ld+json\" class=\"yoast-schema-graph\">{\"@context\":\"https:\\\/\\\/schema.org\",\"@graph\":[{\"@type\":\"WebPage\",\"@id\":\"https:\\\/\\\/www.yasukoyamaguchi.com\\\/en\\\/works\\\/\",\"url\":\"https:\\\/\\\/www.yasukoyamaguchi.com\\\/en\\\/works\\\/\",\"name\":\"Works - Yasuko Yamaguchi\",\"isPartOf\":{\"@id\":\"https:\\\/\\\/www.yasukoyamaguchi.com\\\/en\\\/#website\"},\"datePublished\":\"2021-11-30T20:46:47+00:00\",\"dateModified\":\"2026-02-08T07:27:19+00:00\",\"breadcrumb\":{\"@id\":\"https:\\\/\\\/www.yasukoyamaguchi.com\\\/en\\\/works\\\/#breadcrumb\"},\"inLanguage\":\"en-US\",\"potentialAction\":[{\"@type\":\"ReadAction\",\"target\":[\"https:\\\/\\\/www.yasukoyamaguchi.com\\\/en\\\/works\\\/\"]}]},{\"@type\":\"BreadcrumbList\",\"@id\":\"https:\\\/\\\/www.yasukoyamaguchi.com\\\/en\\\/works\\\/#breadcrumb\",\"itemListElement\":[{\"@type\":\"ListItem\",\"position\":1,\"name\":\"Startseite\",\"item\":\"https:\\\/\\\/www.yasukoyamaguchi.com\\\/en\\\/\"},{\"@type\":\"ListItem\",\"position\":2,\"name\":\"Works\"}]},{\"@type\":\"WebSite\",\"@id\":\"https:\\\/\\\/www.yasukoyamaguchi.com\\\/en\\\/#website\",\"url\":\"https:\\\/\\\/www.yasukoyamaguchi.com\\\/en\\\/\",\"name\":\"Yasuko Yamaguchi\",\"description\":\"Komponistin\",\"potentialAction\":[{\"@type\":\"SearchAction\",\"target\":{\"@type\":\"EntryPoint\",\"urlTemplate\":\"https:\\\/\\\/www.yasukoyamaguchi.com\\\/en\\\/?s={search_term_string}\"},\"query-input\":{\"@type\":\"PropertyValueSpecification\",\"valueRequired\":true,\"valueName\":\"search_term_string\"}}],\"inLanguage\":\"en-US\"}]}<\/script>\n<!-- \/ Yoast SEO plugin. -->","yoast_head_json":{"title":"Works - Yasuko Yamaguchi","robots":{"index":"index","follow":"follow","max-snippet":"max-snippet:-1","max-image-preview":"max-image-preview:large","max-video-preview":"max-video-preview:-1"},"canonical":"https:\/\/www.yasukoyamaguchi.com\/en\/works\/","og_locale":"en_US","og_type":"article","og_title":"Works - Yasuko Yamaguchi","og_description":"WorksDas Stehaufm\u00e4nnchen ist umgefallen (1999) for Orchestra | 7'00\" Commissioned by the D\u00fcsseldorfer Altstadt HerbstWorld premiere: October 03, 1999 D\u00fcsseldorf, GermanyD\u00fcsseldorfer Altstadt Herbst Orchester, Cond.: Martin FratzSchmelzofen (2024) for 9 [&hellip;]","og_url":"https:\/\/www.yasukoyamaguchi.com\/en\/works\/","og_site_name":"Yasuko Yamaguchi","article_modified_time":"2026-02-08T07:27:19+00:00","twitter_card":"summary_large_image","twitter_misc":{"Est. reading time":"7 minutes"},"schema":{"@context":"https:\/\/schema.org","@graph":[{"@type":"WebPage","@id":"https:\/\/www.yasukoyamaguchi.com\/en\/works\/","url":"https:\/\/www.yasukoyamaguchi.com\/en\/works\/","name":"Works - Yasuko Yamaguchi","isPartOf":{"@id":"https:\/\/www.yasukoyamaguchi.com\/en\/#website"},"datePublished":"2021-11-30T20:46:47+00:00","dateModified":"2026-02-08T07:27:19+00:00","breadcrumb":{"@id":"https:\/\/www.yasukoyamaguchi.com\/en\/works\/#breadcrumb"},"inLanguage":"en-US","potentialAction":[{"@type":"ReadAction","target":["https:\/\/www.yasukoyamaguchi.com\/en\/works\/"]}]},{"@type":"BreadcrumbList","@id":"https:\/\/www.yasukoyamaguchi.com\/en\/works\/#breadcrumb","itemListElement":[{"@type":"ListItem","position":1,"name":"Startseite","item":"https:\/\/www.yasukoyamaguchi.com\/en\/"},{"@type":"ListItem","position":2,"name":"Works"}]},{"@type":"WebSite","@id":"https:\/\/www.yasukoyamaguchi.com\/en\/#website","url":"https:\/\/www.yasukoyamaguchi.com\/en\/","name":"Yasuko Yamaguchi","description":"Komponistin","potentialAction":[{"@type":"SearchAction","target":{"@type":"EntryPoint","urlTemplate":"https:\/\/www.yasukoyamaguchi.com\/en\/?s={search_term_string}"},"query-input":{"@type":"PropertyValueSpecification","valueRequired":true,"valueName":"search_term_string"}}],"inLanguage":"en-US"}]}},"_links":{"self":[{"href":"https:\/\/www.yasukoyamaguchi.com\/en\/wp-json\/wp\/v2\/pages\/2623","targetHints":{"allow":["GET"]}}],"collection":[{"href":"https:\/\/www.yasukoyamaguchi.com\/en\/wp-json\/wp\/v2\/pages"}],"about":[{"href":"https:\/\/www.yasukoyamaguchi.com\/en\/wp-json\/wp\/v2\/types\/page"}],"author":[{"embeddable":true,"href":"https:\/\/www.yasukoyamaguchi.com\/en\/wp-json\/wp\/v2\/users\/1"}],"replies":[{"embeddable":true,"href":"https:\/\/www.yasukoyamaguchi.com\/en\/wp-json\/wp\/v2\/comments?post=2623"}],"version-history":[{"count":10,"href":"https:\/\/www.yasukoyamaguchi.com\/en\/wp-json\/wp\/v2\/pages\/2623\/revisions"}],"predecessor-version":[{"id":4323,"href":"https:\/\/www.yasukoyamaguchi.com\/en\/wp-json\/wp\/v2\/pages\/2623\/revisions\/4323"}],"wp:attachment":[{"href":"https:\/\/www.yasukoyamaguchi.com\/en\/wp-json\/wp\/v2\/media?parent=2623"}],"curies":[{"name":"wp","href":"https:\/\/api.w.org\/{rel}","templated":true}]}}