{"id":2635,"date":"2021-11-30T12:42:46","date_gmt":"2021-11-30T11:42:46","guid":{"rendered":"https:\/\/www.yasukoyamaguchi.com\/vita\/"},"modified":"2026-02-08T08:24:32","modified_gmt":"2026-02-08T07:24:32","slug":"vita","status":"publish","type":"page","link":"https:\/\/www.yasukoyamaguchi.com\/en\/vita\/","title":{"rendered":"Vita"},"content":{"rendered":"<p>[et_pb_section fb_built=&#8221;1&#8243; admin_label=&#8221;section&#8221; _builder_version=&#8221;4.17.1&#8243; background_image=&#8221;https:\/\/www.yasukoyamaguchi.com\/wp-content\/uploads\/2021\/12\/Yasuko-Park-stehend-blau-1-e1642064374467.jpg&#8221; parallax=&#8221;on&#8221; height=&#8221;600px&#8221; global_colors_info=&#8221;{}&#8221;][et_pb_row _builder_version=&#8221;4.16&#8243; _module_preset=&#8221;default&#8221; background_enable_color=&#8221;off&#8221; background_color_gradient_direction=&#8221;90deg&#8221; background_color_gradient_start=&#8221;#8ebf6b&#8221; background_color_gradient_end=&#8221;#8ebf6b&#8221; width=&#8221;400px&#8221; width_tablet=&#8221;320px&#8221; width_phone=&#8221;260px&#8221; width_last_edited=&#8221;on|desktop&#8221; module_alignment=&#8221;left&#8221; custom_margin=&#8221;50px||||false|false&#8221; custom_margin_tablet=&#8221;50px||||false|false&#8221; custom_margin_phone=&#8221;200px||||false|false&#8221; custom_margin_last_edited=&#8221;on|phone&#8221; animation_style=&#8221;slide&#8221; animation_direction=&#8221;left&#8221; animation_intensity_slide=&#8221;5%&#8221; border_radii=&#8221;off||10px|10px|&#8221; border_color_right=&#8221;#342E59&#8243; saved_tabs=&#8221;all&#8221; global_colors_info=&#8221;{}&#8221;][et_pb_column type=&#8221;4_4&#8243; _builder_version=&#8221;4.16&#8243; _module_preset=&#8221;default&#8221; background_color=&#8221;#272243&#8243; custom_padding=&#8221;4%||4%||false|false&#8221; border_radii=&#8221;off||10px|10px|&#8221; global_colors_info=&#8221;{}&#8221;][et_pb_text _builder_version=&#8221;4.17.1&#8243; _module_preset=&#8221;default&#8221; header_font_size=&#8221;42px&#8221; custom_margin=&#8221;|||15%|false|false&#8221; header_font_size_tablet=&#8221;30px&#8221; header_font_size_phone=&#8221;26px&#8221; header_font_size_last_edited=&#8221;on|phone&#8221; header_line_height_tablet=&#8221;1em&#8221; header_line_height_phone=&#8221;1em&#8221; header_line_height_last_edited=&#8221;on|tablet&#8221; global_colors_info=&#8221;{}&#8221;]<\/p>\n<h1>Vita<\/h1>\n<p>[\/et_pb_text][\/et_pb_column][\/et_pb_row][\/et_pb_section][et_pb_section fb_built=&#8221;1&#8243; custom_padding_last_edited=&#8221;on|phone&#8221; module_id=&#8221;hover&#8221; _builder_version=&#8221;4.22.1&#8243; _module_preset=&#8221;default&#8221; background_color=&#8221;#FDFAF6&#8243; custom_padding=&#8221;0px||140px||false|false&#8221; custom_padding_tablet=&#8221;0px||120px||false|false&#8221; custom_padding_phone=&#8221;0px||100px||false|false&#8221; bottom_divider_style=&#8221;asymmetric2&#8243; bottom_divider_color=&#8221;#4C4C4C&#8221; bottom_divider_flip=&#8221;vertical&#8221; bottom_divider_height_tablet=&#8221;80px&#8221; bottom_divider_height_phone=&#8221;50px&#8221; bottom_divider_height_last_edited=&#8221;on|phone&#8221; global_colors_info=&#8221;{}&#8221;][et_pb_row _builder_version=&#8221;4.17.1&#8243; _module_preset=&#8221;default&#8221; global_colors_info=&#8221;{}&#8221;][et_pb_column type=&#8221;4_4&#8243; _builder_version=&#8221;4.16&#8243; _module_preset=&#8221;default&#8221; global_colors_info=&#8221;{}&#8221;][et_pb_blurb use_icon=&#8221;on&#8221; font_icon=&#8221;&#x7b;||divi||400&#8243; image_icon_width=&#8221;84px&#8221; content_max_width=&#8221;1100px&#8221; content_max_width_tablet=&#8221;1200px&#8221; content_max_width_phone=&#8221;100%&#8221; content_max_width_last_edited=&#8221;on|tablet&#8221; _builder_version=&#8221;4.17.1&#8243; _module_preset=&#8221;default&#8221; header_text_color=&#8221;#FDFAF6&#8243; body_font=&#8221;|300|on||||||&#8221; body_text_color=&#8221;#4C4C4C&#8221; body_font_size=&#8221;24px&#8221; body_line_height=&#8221;1.6em&#8221; background_color=&#8221;RGBA(255,255,255,0)&#8221; custom_margin=&#8221;|150px|0px|150px|false|true&#8221; custom_margin_tablet=&#8221;|0px|0px|0px|false|true&#8221; custom_margin_phone=&#8221;|0px||0px|false|true&#8221; custom_margin_last_edited=&#8221;on|phone&#8221; custom_padding=&#8221;20px|20px|20px|20px|true|true&#8221; animation_style=&#8221;fade&#8221; body_font_size_tablet=&#8221;24px&#8221; body_font_size_phone=&#8221;18px&#8221; body_font_size_last_edited=&#8221;on|phone&#8221; border_radii=&#8221;off|10px|10px||&#8221; global_colors_info=&#8221;{}&#8221;]<\/p>\n<p>Fireflies aglow in music<\/p>\n<p>\u2026 The Japanese composer Yasuko Yamaguchi illustrates \u2026 shimmering moods of light in her \u201cNachtlied\u201d (\u201cnight song\u201d). She makes fireflies and stars shine in this trio. Actually, the work is a thoroughly composed silence with many nuances \u2013 it was the most impressive composition of this concert, which the e-mex trio played with greatest precision and concentration.<\/p>\n<p>[\/et_pb_blurb][et_pb_blurb image_icon_width=&#8221;84px&#8221; content_max_width=&#8221;1100px&#8221; _builder_version=&#8221;4.17.1&#8243; _module_preset=&#8221;default&#8221; body_font=&#8221;||||||||&#8221; body_text_align=&#8221;right&#8221; body_font_size=&#8221;15px&#8221; body_line_height=&#8221;1.6em&#8221; background_color=&#8221;RGBA(255,255,255,0)&#8221; custom_margin=&#8221;0px|150px||150px|false|true&#8221; custom_margin_tablet=&#8221;|0px||0px|false|true&#8221; custom_margin_phone=&#8221;|0px||0px|false|true&#8221; custom_margin_last_edited=&#8221;on|phone&#8221; custom_padding=&#8221;20px|20px|40px||false|false&#8221; animation_style=&#8221;fade&#8221; border_radii=&#8221;off|||10px|10px&#8221; global_colors_info=&#8221;{}&#8221;]<\/p>\n<p>&#8211; JG<br \/>November 30, 2005 | Ruhr Nachrichten Dortmund<\/p>\n<p>[\/et_pb_blurb][\/et_pb_column][\/et_pb_row][et_pb_row _builder_version=&#8221;4.17.1&#8243; _module_preset=&#8221;default&#8221; global_colors_info=&#8221;{}&#8221;][et_pb_column type=&#8221;4_4&#8243; _builder_version=&#8221;4.16&#8243; _module_preset=&#8221;default&#8221; global_colors_info=&#8221;{}&#8221;][et_pb_text _builder_version=&#8221;4.21.0&#8243; _module_preset=&#8221;default&#8221; animation_style=&#8221;fade&#8221; global_colors_info=&#8221;{}&#8221;]<\/p>\n<p>Born in Nagasaki\/Japan in 1969, Yasuko Yamaguchi studied composition at the Tokyo National University of Fine Arts and Music with Akira Kitamura, Hideo Kobayashi and Michio Mamiya. In 1997 she continued her studies at Robert Schumann Hochschule D\u00fcsseldorf with Manfred Trojahn, where Yasuko Yamaguchi received a Diploma in composition in 2000.<\/p>\n<p>She received awards at the 13th Kanagawa Prefectural Composition Competition for Choral Works (1989) and at the 8th Composition Competition for Young Composers of the Japanese Society for Contemporary Music (1992). In 2005 she received the advancement award of the state capital D\u00fcsseldorf for music, in 2016 the scholarship of K\u00fcnstlerhof Schreyahn. In 2018 Yasuko Yamaguchi hold the scholarship of the State Ministry of Cultural Affairs at the German Study Center in Venice (Centro Tedesco di Studi Veneziani). In the summer of 2022 she lived in Bellwald (Switzerland) as a scholarship holder of artbellwald.ch. Furthermore, Yasuko Yamaguchi obtained grants from Musikfonds Berlin und German Music Council.<\/p>\n<p>Yasuko Yamaguchi has received commissions from Kunststiftung NRW, Music From Japan (New York), Tonhalle D\u00fcsseldorf, the Dr. Karl Emil and Lilli Br\u00fcgmann Foundation and D\u00fcsseldorf Altstadt Herbst, for which the orchestral work \u201cDas Stehaufm\u00e4nnchen ist umfallen\u201d (1999) was written. This piece was nominated for the 10th Akutagawa Composition Award (2000) and has been performed consecutively by such eminent Japanese orchestras as the Kyoto Symphony Orchestra, the Orchestra Ensemble Kanazawa conducted by Hiroyuki Iwaki, the Yamagata Symphony Orchestra and the New Japan Philharmonic Orchestra. In December 2003 the CD \u2018The not-well-tempered piano (Toy piano: Bernd Wiesemann, Cybele Verlag) was released, for which Yamaguchi\u2019s toy piano piece \u2018Zuckerregen\u2019 was produced. In February 2004 her orchestral piece \u201cDas Stehaufm\u00e4nnchen ist umgefallen\u201d was released on CD by the Orchestra Ensemble Kanazawa (conductor: Hiroyuki Iwaki, Warner Music Japan).<\/p>\n<p>Her works have also been performed by various ensembles worldwide, including E-MEX Ensemble, notabu. ensemble D\u00fcsseldorf, Studio Musikfabrik, Th\u00fcrmchen Ensemble Cologne, 175 East in New Zealand, De Ereprijs in the Netherlands, Tokyo Sinfonietta, Ensemble SoNoR in Azerbaijan, Het Nederlands Fluitorkest, Tr\u00edo FeedBack Spain. They have been heard at numerous festivals such as the \u201919th Conference and Festival of Asian Composers\u2019 League 1998\u2032 in Taiwan, the \u2018International Gaudeamus Musicweek 1999\u2032 in the Netherlands,\u201914th Nieders\u00e4chsische Musiktage 2000\u2019 in Hanover, `7th International Youth Music Forum 2001\u2019 in Ukraine, Klangspuren of the Munich Biennale 2008, \u2018ADEvantgarde Festival 2009\u2032 in Munich, the \u201935th Music From Japan Festival 2010\u2019 in New York, \u2018rainy days 2012\u2019 in Luxembourg, the 3rd Festival Internacional VertixeVIGO 2015, Ensems 2020 in Spain, Sound Spaces Festival 2021 in Sweden, and at the 24th Festival de M\u00fasica Contempor\u00e1nea <span class=\"d2edcug0\">de C\u00f3rdoba in Spain.<\/span> Portrait concerts with Yasuko Yamaguchi&#8217;s chamber music took place in Dortmund in May 2007, in D\u00fcsseldorf in September 2008 and in Tokyo in December 2022.<\/p>\n<p>Yasuko Yamaguchi lives as a freelance composer with her partner, the composer <a href=\"http:\/\/www.sven-ingo-koch.de\/\" target=\"_blank\" rel=\"noopener\">Sven-Ingo-Koch<\/a> in D\u00fcsseldorf.<\/p>\n<p>[\/et_pb_text][\/et_pb_column][\/et_pb_row][\/et_pb_section]<\/p>\n","protected":false},"excerpt":{"rendered":"<p>VitaFireflies aglow in music \u2026 The Japanese composer Yasuko Yamaguchi illustrates \u2026 shimmering moods of light in her \u201cNachtlied\u201d (\u201cnight song\u201d). She makes fireflies and stars shine in this trio. [&hellip;]<\/p>\n","protected":false},"author":1,"featured_media":0,"parent":0,"menu_order":0,"comment_status":"closed","ping_status":"closed","template":"","meta":{"_et_pb_use_builder":"on","_et_pb_old_content":"","_et_gb_content_width":"","footnotes":""},"class_list":["post-2635","page","type-page","status-publish","hentry"],"yoast_head":"<!-- This site is optimized with the Yoast SEO plugin v27.3 - https:\/\/yoast.com\/product\/yoast-seo-wordpress\/ -->\n<title>Vita - Yasuko Yamaguchi<\/title>\n<meta name=\"robots\" content=\"index, follow, max-snippet:-1, max-image-preview:large, max-video-preview:-1\" \/>\n<link rel=\"canonical\" href=\"https:\/\/www.yasukoyamaguchi.com\/en\/vita\/\" \/>\n<meta property=\"og:locale\" content=\"en_US\" \/>\n<meta property=\"og:type\" content=\"article\" \/>\n<meta property=\"og:title\" content=\"Vita - Yasuko Yamaguchi\" \/>\n<meta property=\"og:description\" content=\"VitaFireflies aglow in music \u2026 The Japanese composer Yasuko Yamaguchi illustrates \u2026 shimmering moods of light in her \u201cNachtlied\u201d (\u201cnight song\u201d). She makes fireflies and stars shine in this trio. [&hellip;]\" \/>\n<meta property=\"og:url\" content=\"https:\/\/www.yasukoyamaguchi.com\/en\/vita\/\" \/>\n<meta property=\"og:site_name\" content=\"Yasuko Yamaguchi\" \/>\n<meta property=\"article:modified_time\" content=\"2026-02-08T07:24:32+00:00\" \/>\n<meta name=\"twitter:card\" content=\"summary_large_image\" \/>\n<meta name=\"twitter:label1\" content=\"Est. reading time\" \/>\n\t<meta name=\"twitter:data1\" content=\"4 minutes\" \/>\n<script type=\"application\/ld+json\" class=\"yoast-schema-graph\">{\"@context\":\"https:\\\/\\\/schema.org\",\"@graph\":[{\"@type\":\"WebPage\",\"@id\":\"https:\\\/\\\/www.yasukoyamaguchi.com\\\/en\\\/vita\\\/\",\"url\":\"https:\\\/\\\/www.yasukoyamaguchi.com\\\/en\\\/vita\\\/\",\"name\":\"Vita - Yasuko Yamaguchi\",\"isPartOf\":{\"@id\":\"https:\\\/\\\/www.yasukoyamaguchi.com\\\/en\\\/#website\"},\"datePublished\":\"2021-11-30T11:42:46+00:00\",\"dateModified\":\"2026-02-08T07:24:32+00:00\",\"breadcrumb\":{\"@id\":\"https:\\\/\\\/www.yasukoyamaguchi.com\\\/en\\\/vita\\\/#breadcrumb\"},\"inLanguage\":\"en-US\",\"potentialAction\":[{\"@type\":\"ReadAction\",\"target\":[\"https:\\\/\\\/www.yasukoyamaguchi.com\\\/en\\\/vita\\\/\"]}]},{\"@type\":\"BreadcrumbList\",\"@id\":\"https:\\\/\\\/www.yasukoyamaguchi.com\\\/en\\\/vita\\\/#breadcrumb\",\"itemListElement\":[{\"@type\":\"ListItem\",\"position\":1,\"name\":\"Startseite\",\"item\":\"https:\\\/\\\/www.yasukoyamaguchi.com\\\/en\\\/\"},{\"@type\":\"ListItem\",\"position\":2,\"name\":\"Vita\"}]},{\"@type\":\"WebSite\",\"@id\":\"https:\\\/\\\/www.yasukoyamaguchi.com\\\/en\\\/#website\",\"url\":\"https:\\\/\\\/www.yasukoyamaguchi.com\\\/en\\\/\",\"name\":\"Yasuko Yamaguchi\",\"description\":\"Komponistin\",\"potentialAction\":[{\"@type\":\"SearchAction\",\"target\":{\"@type\":\"EntryPoint\",\"urlTemplate\":\"https:\\\/\\\/www.yasukoyamaguchi.com\\\/en\\\/?s={search_term_string}\"},\"query-input\":{\"@type\":\"PropertyValueSpecification\",\"valueRequired\":true,\"valueName\":\"search_term_string\"}}],\"inLanguage\":\"en-US\"}]}<\/script>\n<!-- \/ Yoast SEO plugin. -->","yoast_head_json":{"title":"Vita - Yasuko Yamaguchi","robots":{"index":"index","follow":"follow","max-snippet":"max-snippet:-1","max-image-preview":"max-image-preview:large","max-video-preview":"max-video-preview:-1"},"canonical":"https:\/\/www.yasukoyamaguchi.com\/en\/vita\/","og_locale":"en_US","og_type":"article","og_title":"Vita - Yasuko Yamaguchi","og_description":"VitaFireflies aglow in music \u2026 The Japanese composer Yasuko Yamaguchi illustrates \u2026 shimmering moods of light in her \u201cNachtlied\u201d (\u201cnight song\u201d). She makes fireflies and stars shine in this trio. [&hellip;]","og_url":"https:\/\/www.yasukoyamaguchi.com\/en\/vita\/","og_site_name":"Yasuko Yamaguchi","article_modified_time":"2026-02-08T07:24:32+00:00","twitter_card":"summary_large_image","twitter_misc":{"Est. reading time":"4 minutes"},"schema":{"@context":"https:\/\/schema.org","@graph":[{"@type":"WebPage","@id":"https:\/\/www.yasukoyamaguchi.com\/en\/vita\/","url":"https:\/\/www.yasukoyamaguchi.com\/en\/vita\/","name":"Vita - Yasuko Yamaguchi","isPartOf":{"@id":"https:\/\/www.yasukoyamaguchi.com\/en\/#website"},"datePublished":"2021-11-30T11:42:46+00:00","dateModified":"2026-02-08T07:24:32+00:00","breadcrumb":{"@id":"https:\/\/www.yasukoyamaguchi.com\/en\/vita\/#breadcrumb"},"inLanguage":"en-US","potentialAction":[{"@type":"ReadAction","target":["https:\/\/www.yasukoyamaguchi.com\/en\/vita\/"]}]},{"@type":"BreadcrumbList","@id":"https:\/\/www.yasukoyamaguchi.com\/en\/vita\/#breadcrumb","itemListElement":[{"@type":"ListItem","position":1,"name":"Startseite","item":"https:\/\/www.yasukoyamaguchi.com\/en\/"},{"@type":"ListItem","position":2,"name":"Vita"}]},{"@type":"WebSite","@id":"https:\/\/www.yasukoyamaguchi.com\/en\/#website","url":"https:\/\/www.yasukoyamaguchi.com\/en\/","name":"Yasuko Yamaguchi","description":"Komponistin","potentialAction":[{"@type":"SearchAction","target":{"@type":"EntryPoint","urlTemplate":"https:\/\/www.yasukoyamaguchi.com\/en\/?s={search_term_string}"},"query-input":{"@type":"PropertyValueSpecification","valueRequired":true,"valueName":"search_term_string"}}],"inLanguage":"en-US"}]}},"_links":{"self":[{"href":"https:\/\/www.yasukoyamaguchi.com\/en\/wp-json\/wp\/v2\/pages\/2635","targetHints":{"allow":["GET"]}}],"collection":[{"href":"https:\/\/www.yasukoyamaguchi.com\/en\/wp-json\/wp\/v2\/pages"}],"about":[{"href":"https:\/\/www.yasukoyamaguchi.com\/en\/wp-json\/wp\/v2\/types\/page"}],"author":[{"embeddable":true,"href":"https:\/\/www.yasukoyamaguchi.com\/en\/wp-json\/wp\/v2\/users\/1"}],"replies":[{"embeddable":true,"href":"https:\/\/www.yasukoyamaguchi.com\/en\/wp-json\/wp\/v2\/comments?post=2635"}],"version-history":[{"count":10,"href":"https:\/\/www.yasukoyamaguchi.com\/en\/wp-json\/wp\/v2\/pages\/2635\/revisions"}],"predecessor-version":[{"id":4315,"href":"https:\/\/www.yasukoyamaguchi.com\/en\/wp-json\/wp\/v2\/pages\/2635\/revisions\/4315"}],"wp:attachment":[{"href":"https:\/\/www.yasukoyamaguchi.com\/en\/wp-json\/wp\/v2\/media?parent=2635"}],"curies":[{"name":"wp","href":"https:\/\/api.w.org\/{rel}","templated":true}]}}