{"id":2603,"date":"2021-11-30T12:42:46","date_gmt":"2021-11-30T11:42:46","guid":{"rendered":"https:\/\/www.yasukoyamaguchi.com\/%e3%83%97%e3%83%ad%e3%83%95%e3%82%a3%e3%83%bc%e3%83%ab\/"},"modified":"2026-02-08T08:25:40","modified_gmt":"2026-02-08T07:25:40","slug":"%e3%83%97%e3%83%ad%e3%83%95%e3%82%a3%e3%83%bc%e3%83%ab","status":"publish","type":"page","link":"https:\/\/www.yasukoyamaguchi.com\/ja\/%e3%83%97%e3%83%ad%e3%83%95%e3%82%a3%e3%83%bc%e3%83%ab\/","title":{"rendered":"Vita"},"content":{"rendered":"<p>[et_pb_section fb_built=&#8221;1&#8243; admin_label=&#8221;section&#8221; _builder_version=&#8221;4.17.1&#8243; background_image=&#8221;https:\/\/www.yasukoyamaguchi.com\/wp-content\/uploads\/2021\/12\/Yasuko-Park-stehend-blau-1-e1642064374467.jpg&#8221; parallax=&#8221;on&#8221; height=&#8221;600px&#8221; global_colors_info=&#8221;{}&#8221;][et_pb_row _builder_version=&#8221;4.16&#8243; _module_preset=&#8221;default&#8221; background_enable_color=&#8221;off&#8221; background_color_gradient_direction=&#8221;90deg&#8221; background_color_gradient_start=&#8221;#8ebf6b&#8221; background_color_gradient_end=&#8221;#8ebf6b&#8221; width=&#8221;400px&#8221; width_tablet=&#8221;320px&#8221; width_phone=&#8221;260px&#8221; width_last_edited=&#8221;on|desktop&#8221; module_alignment=&#8221;left&#8221; custom_margin=&#8221;50px||||false|false&#8221; custom_margin_tablet=&#8221;50px||||false|false&#8221; custom_margin_phone=&#8221;200px||||false|false&#8221; custom_margin_last_edited=&#8221;on|phone&#8221; animation_style=&#8221;slide&#8221; animation_direction=&#8221;left&#8221; animation_intensity_slide=&#8221;5%&#8221; border_radii=&#8221;off||10px|10px|&#8221; border_color_right=&#8221;#342E59&#8243; saved_tabs=&#8221;all&#8221; global_colors_info=&#8221;{}&#8221;][et_pb_column type=&#8221;4_4&#8243; _builder_version=&#8221;4.16&#8243; _module_preset=&#8221;default&#8221; background_color=&#8221;#272243&#8243; custom_padding=&#8221;4%||4%||false|false&#8221; border_radii=&#8221;off||10px|10px|&#8221; global_colors_info=&#8221;{}&#8221;][et_pb_text _builder_version=&#8221;4.17.1&#8243; _module_preset=&#8221;default&#8221; header_font_size=&#8221;42px&#8221; custom_margin=&#8221;|||15%|false|false&#8221; header_font_size_tablet=&#8221;30px&#8221; header_font_size_phone=&#8221;26px&#8221; header_font_size_last_edited=&#8221;on|phone&#8221; header_line_height_tablet=&#8221;1em&#8221; header_line_height_phone=&#8221;1em&#8221; header_line_height_last_edited=&#8221;on|tablet&#8221; global_colors_info=&#8221;{}&#8221;]<\/p>\n<h1>Vita<\/h1>\n<p>[\/et_pb_text][\/et_pb_column][\/et_pb_row][\/et_pb_section][et_pb_section fb_built=&#8221;1&#8243; custom_padding_last_edited=&#8221;on|phone&#8221; module_id=&#8221;hover&#8221; _builder_version=&#8221;4.22.1&#8243; _module_preset=&#8221;default&#8221; background_color=&#8221;#FDFAF6&#8243; custom_padding=&#8221;0px||140px||false|false&#8221; custom_padding_tablet=&#8221;0px||120px||false|false&#8221; custom_padding_phone=&#8221;0px||100px||false|false&#8221; bottom_divider_style=&#8221;asymmetric2&#8243; bottom_divider_color=&#8221;#4C4C4C&#8221; bottom_divider_flip=&#8221;vertical&#8221; bottom_divider_height_tablet=&#8221;80px&#8221; bottom_divider_height_phone=&#8221;50px&#8221; bottom_divider_height_last_edited=&#8221;on|phone&#8221; global_colors_info=&#8221;{}&#8221;][et_pb_row _builder_version=&#8221;4.17.1&#8243; _module_preset=&#8221;default&#8221; global_colors_info=&#8221;{}&#8221;][et_pb_column type=&#8221;4_4&#8243; _builder_version=&#8221;4.16&#8243; _module_preset=&#8221;default&#8221; global_colors_info=&#8221;{}&#8221;][et_pb_blurb use_icon=&#8221;on&#8221; font_icon=&#8221;&#x7b;||divi||400&#8243; image_icon_width=&#8221;84px&#8221; content_max_width=&#8221;1100px&#8221; content_max_width_tablet=&#8221;1200px&#8221; content_max_width_phone=&#8221;100%&#8221; content_max_width_last_edited=&#8221;on|tablet&#8221; _builder_version=&#8221;4.17.1&#8243; _module_preset=&#8221;default&#8221; header_text_color=&#8221;#FDFAF6&#8243; body_font=&#8221;|300|on||||||&#8221; body_text_color=&#8221;#4C4C4C&#8221; body_font_size=&#8221;24px&#8221; body_line_height=&#8221;1.6em&#8221; background_color=&#8221;RGBA(255,255,255,0)&#8221; custom_margin=&#8221;|150px|0px|150px|false|true&#8221; custom_margin_tablet=&#8221;|0px|0px|0px|false|true&#8221; custom_margin_phone=&#8221;|0px||0px|false|true&#8221; custom_margin_last_edited=&#8221;on|phone&#8221; custom_padding=&#8221;20px|20px|20px|20px|true|true&#8221; animation_style=&#8221;fade&#8221; body_font_size_tablet=&#8221;24px&#8221; body_font_size_phone=&#8221;18px&#8221; body_font_size_last_edited=&#8221;on|phone&#8221; border_radii=&#8221;off|10px|10px||&#8221; global_colors_info=&#8221;{}&#8221;]<\/p>\n<p>\u97ff\u304d\u306e\u4e2d\u3067\u5149\u308b\u86cd<\/p>\n<p>\u2026 \u65e5\u672c\u4eba\u4f5c\u66f2\u5bb6 \u5c71\u53e3\u606d\u5b50\u306f\u3001\u305d\u306e\u4f5c\u54c1\u300c\u591c\u306e\u6b4c\u300d\u3067 \u2026 \u660e\u6ec5\u3059\u308b\u5149\u306e\u6c17\u914d\u3092\u8868\u73fe\u3057\u3066\u3044\u308b\u3002 \u86cd\u3084\u661f\u304c\u5149\u3092\u653e\u3061\u714c\u3081\u304f\u69d8\u5b50\u3092\u3001\u3053\u306e\u30c8\u30ea\u30aa\u4f5c\u54c1\u304b\u3089\u8074\u304d\u53d6\u308b\u3053\u3068\u304c\u3067\u304d\u308b\u3002 \u3053\u306e\u66f2\u306f\u3001\u69d8\u3005\u306a\u97f3\u306e\u9670\u5f71\u3067\u69cb\u6210\u3055\u308c\u305f\u6c88\u9ed9\u3060\u3068\u3082\u8a00\u3048\u3088\u3046 \u2013 \u3053\u306e\u30b3\u30f3\u30b5\u30fc\u30c8\u3067\u6700\u3082\u5370\u8c61\u7684\u306a\u4f5c\u54c1\u3067\u3042\u308a\u3001\u30a8\u30fc\u30e1\u30c3\u30af\u30b9\u30c8\u30ea\u30aa\u306f\u975e\u5e38\u306b\u6b63\u78ba\u306b\u3001\u6975\u5ea6\u306e\u96c6\u4e2d\u529b\u3092\u6301\u3063\u3066\u3053\u306e\u66f2\u3092\u6f14\u594f\u3057\u305f\u3002<\/p>\n<p>[\/et_pb_blurb][et_pb_blurb image_icon_width=&#8221;84px&#8221; content_max_width=&#8221;1100px&#8221; _builder_version=&#8221;4.17.1&#8243; _module_preset=&#8221;default&#8221; body_font=&#8221;||||||||&#8221; body_text_align=&#8221;right&#8221; body_font_size=&#8221;15px&#8221; body_line_height=&#8221;1.6em&#8221; background_color=&#8221;RGBA(255,255,255,0)&#8221; custom_margin=&#8221;0px|150px||150px|false|true&#8221; custom_margin_tablet=&#8221;|0px||0px|false|true&#8221; custom_margin_phone=&#8221;|0px||0px|false|true&#8221; custom_margin_last_edited=&#8221;on|phone&#8221; custom_padding=&#8221;20px|20px|40px||false|false&#8221; animation_style=&#8221;fade&#8221; border_radii=&#8221;off|||10px|10px&#8221; global_colors_info=&#8221;{}&#8221;]<\/p>\n<p>&#8211; JG<br \/>2005\u5e7411\u670830\u65e5 | \u30c9\u30eb\u30c8\u30e0\u30f3\u30c8\u30fbRuhr Nachrichten<\/p>\n<p>[\/et_pb_blurb][\/et_pb_column][\/et_pb_row][et_pb_row _builder_version=&#8221;4.17.1&#8243; _module_preset=&#8221;default&#8221; global_colors_info=&#8221;{}&#8221;][et_pb_column type=&#8221;4_4&#8243; _builder_version=&#8221;4.16&#8243; _module_preset=&#8221;default&#8221; global_colors_info=&#8221;{}&#8221;][et_pb_text _builder_version=&#8221;4.21.0&#8243; _module_preset=&#8221;default&#8221; animation_style=&#8221;fade&#8221; global_colors_info=&#8221;{}&#8221;]<\/p>\n<p>1969\u5e74\u9577\u5d0e\u770c\u751f\u307e\u308c\u30021991\u5e74\u6771\u4eac\u82b8\u8853\u5927\u5b66\u4f5c\u66f2\u79d1\u5352\u696d\u3002\u5728\u5b66\u4e2d\u3001\u5317\u6751\u662d\u3001\u5c0f\u6797\u79c0\u96c4\u3001\u9593\u5bae\u82b3\u751f\u306e\u5404\u6c0f\u306b\u5e2b\u4e8b\u3002 1997\u5e74\u6e21\u72ec\u3001\u30c7\u30e5\u30c3\u30bb\u30eb\u30c9\u30eb\u30d5\u30fb\u30ed\u30d9\u30eb\u30c8\u30fb\u30b7\u30e5\u30fc\u30de\u30f3\u97f3\u697d\u5927\u5b66\u306b\u3066\u30de\u30f3\u30d5\u30ec\u30c3\u30c9\u30fb\u30c8\u30ed\u30e4\u30fc\u30f3\u6c0f\u306b\u5e2b\u4e8b\u30022000\u5e74\u30c7\u30a3\u30d7\u30ed\u30e0\u3092\u53d6\u5f97\u3057\u4fee\u4e86\u3002<\/p>\n<p>1989\u5e74\u7b2c13\u56de\u795e\u5948\u5ddd\u770c\u82b8\u8853\u796d\u5408\u5531\u66f2\u4f5c\u66f2\u30b3\u30f3\u30af\u30fc\u30eb\u30011992\u5e74\u7b2c8\u56de\u73fe\u97f3\u4f5c\u66f2\u65b0\u4eba\u8cde\u5165\u9078\u3002 2005\u5e74\u30c7\u30e5\u30c3\u30bb\u30eb\u30c9\u30eb\u30d5\u5e02\u5968\u52b1\u8cde\u53d7\u8cde\u30022016\u5e74\u30cb\u30fc\u30c0\u30fc\u30b6\u30af\u30bb\u30f3\u5dde\u30fb\u30b7\u30e5\u30e9\u30a4\u30e4\u30fc\u30f3\u6751\u306e\u82b8\u8853\u5bb6\u306e\u5bb6\u306b\u6ede\u5728\u3002 2018\u5e74\u30c9\u30a4\u30c4\u6587\u5316\u7701\u3088\u308a\u6d3e\u9063\u3055\u308c\u3001\u30a4\u30bf\u30ea\u30a2\u30fb\u30f4\u30a7\u30cd\u30c4\u30a3\u30a2\u306e\u30c9\u30a4\u30c4\u7814\u7a76\u30bb\u30f3\u30bf\u30fc\uff08Centro Tedesco di Studi Veneziani\uff09\u306b\u6ede\u5728\u3002 2022\u5e74\u590f\u306b\u306f\u3001artbellwald.ch \u306e\u30ec\u30b8\u30c7\u30f3\u30b9\u30fb\u30a2\u30fc\u30c6\u30a3\u30b9\u30c8\u3068\u3057\u3066\u30b9\u30a4\u30b9\u30fb\u30d9\u30eb\u30f4\u30a1\u30eb\u30c8\u306b\u6ede\u5728\u3057\u305f\u3002 \u305d\u306e\u4ed6\u3001Musikfonds Berlin\u3084\u30c9\u30a4\u30c4\u97f3\u697d\u8a55\u8b70\u4f1a\uff08Deutscher Musikrat\uff09\u304b\u3089\u3082\u52a9\u6210\u5968\u5b66\u91d1\u3092\u5f97\u3066\u3044\u308b\u3002<\/p>\n<p>\u30ce\u30eb\u30c8\u30e9\u30a4\u30f3\uff1d\u30f4\u30a7\u30b9\u30c8\u30d5\u30a1\u30fc\u30ec\u30f3\u82b8\u8853\u8ca1\u56e3\u3001\u30df\u30e5\u30fc\u30b8\u30c3\u30af\u30d5\u30ed\u30e0\u30b8\u30e3\u30d1\u30f3\u8ca1\u56e3\uff08\u30cb\u30e5\u30fc\u30e8\u30fc\u30af\uff09\u3001\u30c8\u30fc\u30f3\u30cf\u30ec\u30fb\u30c7\u30e5\u30c3\u30bb\u30eb\u30c9\u30eb\u30d5\u3001Dr. Karl Emil &amp; Lilli Br\u00fcgmann\u8ca1\u56e3\u7b49\u3088\u308a\u59d4\u5631\u591a\u6570\u3002 \u6587\u5316\u30d5\u30a7\u30b9\u30c6\u30a3\u30f4\u30a1\u30eb\u300c\u30c7\u30e5\u30c3\u30bb\u30eb\u30c9\u30eb\u30d5\u30fb\u30a2\u30eb\u30c8\u30b7\u30e5\u30bf\u30c3\u30c8\u306e\u79cb\u300d\u306e\u59d4\u5631\u3067\u66f8\u304b\u308c\u305f\u30aa\u30fc\u30b1\u30b9\u30c8\u30e9\u4f5c\u54c1\u300c\u3060\u308b\u307e\u3055\u3093\u304c\u3053\u308d\u3093\u3060\u300d\uff081999\uff09\u306f\u7b2c10\u56de\u82a5\u5ddd\u4f5c\u66f2\u8cde\u306b\u30ce\u30df\u30cd\u30fc\u30c8\u3055\u308c\u3001\u4eac\u90fd\u5e02\u4ea4\u97ff\u697d\u56e3\u3001\u30aa\u30fc\u30b1\u30b9\u30c8\u30e9\u30fb\u30a2\u30f3\u30b5\u30f3\u30d6\u30eb\u91d1\u6ca2\u3001\u5c71\u5f62\u4ea4\u97ff\u697d\u56e3\u3001\u65b0\u65e5\u672c\u30d5\u30a3\u30eb\u30cf\u30fc\u30e2\u30cb\u30fc\u4ea4\u97ff\u697d\u56e3\u306b\u3088\u3063\u3066\u518d\u6f14\u3055\u308c\u305f\u3002 2003\u5e7412\u6708\u306b\u30c8\u30a4\u30d4\u30a2\u30ce\u4f5c\u54c1\u300c\u7802\u7cd6\u306e\u96e8\u300d\u304cCD \u201aDas untemperierte Klavier\u2018 (\u30c8\u30a4\u30d4\u30a2\u30ce: Bernd Wiesemann, Cybele Verlag) \u306b\u53ce\u9332\u30fb\u767a\u58f2\u3055\u308c\u305f\u3002 \u307e\u305f2004\u5e742\u6708\u306b\u306f\u3001\u30aa\u30fc\u30b1\u30b9\u30c8\u30e9\u4f5c\u54c1\u300c\u3060\u308b\u307e\u3055\u3093\u304c\u3053\u308d\u3093\u3060\u300d\u304c\u53ce\u9332\u3055\u308c\u305f\u30aa\u30fc\u30b1\u30b9\u30c8\u30e9\u30fb\u30a2\u30f3\u30b5\u30f3\u30d6\u30eb\u91d1\u6ca2\uff08\u6307\u63ee: \u5ca9\u57ce\u5b8f\u4e4b\uff09\u306eCD\u304c\u30ef\u30fc\u30ca\u30fc\u30fb\u30df\u30e5\u30fc\u30b8\u30c3\u30af\u30fb\u30b8\u30e3\u30d1\u30f3\u3088\u308a\u767a\u58f2\u3055\u308c\u305f\u3002<\/p>\n<p>\u305d\u306e\u4f5c\u54c1\u306f\u3001E-MEX Ensemble\u3001notabu. ensemble\uff08\u30c7\u30e5\u30c3\u30bb\u30eb\u30c9\u30eb\u30d5\uff09\u3001 Studio Musikfabrik\u3001Th\u00fcrmchen Ensemble\uff08\u30b1\u30eb\u30f3\uff09\u3001175East\uff08\u30cb\u30e5\u30fc\u30b8\u30fc\u30e9\u30f3\u30c9\uff09\u3001De Ereprijs\uff08\u30aa\u30e9\u30f3\u30c0\uff09\u3001\u6771\u4eac\u30b7\u30f3\u30d5\u30a9\u30cb\u30a8\u30c3\u30bf\u3001Ensemble SoNoR\uff08\u30a2\u30bc\u30eb\u30d0\u30a4\u30b8\u30e3\u30f3\uff09\u3001Het Nederlands Fluitorkest\uff08\u30aa\u30e9\u30f3\u30c0\uff09\u3001Tr\u00edo FeedBack\uff08\u30b9\u30da\u30a4\u30f3\uff09\u7b49\u3001\u6570\u591a\u304f\u306e\u6f14\u594f\u56e3\u4f53\u306b\u3088\u308a\u3001 \u7b2c19\u56de\u30a2\u30b8\u30a2\u97f3\u697d\u796d1998\uff08\u53f0\u6e7e\uff09\u3001\u56fd\u969b\u30ac\u30a6\u30c7\u30a2\u30e0\u30b9\u97f3\u697d\u9031\u95931999\uff08\u30aa\u30e9\u30f3\u30c0\uff09\u3001\u7b2c14\u56de \u30cb\u30fc\u30c0\u30fc\u30b6\u30af\u30bb\u30f3\u97f3\u697d\u796d 2000\uff08\u30cf\u30ce\u30fc\u30d5\u30a1\u30fc\uff09\u3001\u7b2c7\u56de\u56fd\u969b\u30e6\u30fc\u30b9\u30df\u30e5\u30fc\u30b8\u30c3\u30af\u30d5\u30a9\u30fc\u30e9\u30e0 2001\uff08\u30a6\u30af\u30e9\u30a4\u30ca\uff09\u3001\u30df\u30e5\u30f3\u30d8\u30f3\u30d3\u30a8\u30f3\u30ca\u30fc\u30ecKlangspuren 2008\u3001ADEvantgarde Festival 2009\uff08\u30df\u30e5\u30f3\u30d8\u30f3\uff09\u3001\u7b2c35\u56de \u30df\u30e5\u30fc\u30b8\u30c3\u30af\u30d5\u30ed\u30e0\u30b8\u30e3\u30d1\u30f3\u30d5\u30a7\u30b9\u30c6\u30a3\u30f4\u30a1\u30eb 2010\uff08\u30cb\u30e5\u30fc\u30e8\u30fc\u30af\uff09\u3001\u2018rainy days\u2018 2012\uff08\u30eb\u30af\u30bb\u30f3\u30d6\u30eb\u30af\uff09\u3001 III. Festival Internacional VertixeVIGO 2015\uff08\u30b9\u30da\u30a4\u30f3\uff09\u3001Ensems 2020\uff08\u30b9\u30da\u30a4\u30f3\uff09Sound Spaces Festival 2021\uff08\u30b9\u30a6\u30a7\u30fc\u30c7\u30f3\uff09XXIV Festival <span class=\"d2edcug0\">de M\u00fasica Contempor\u00e1nea de C\u00f3rdoba 2022<\/span>\uff08\u30b9\u30da\u30a4\u30f3\uff09\u306a\u3069\u306e\u30d5\u30a7\u30b9\u30c6\u30a3\u30f4\u30a1\u30eb\u3067\u6f14\u594f\u3055\u308c\u3066\u3044\u308b\u3002 2007\u5e745\u6708\u306b\u30c9\u30eb\u30c8\u30e0\u30f3\u30c8\u3067\u30012008\u5e749\u6708\u306b\u306f\u30c7\u30e5\u30c3\u30bb\u30eb\u30c9\u30eb\u30d5\u3067\u3001\u5ba4\u5185\u697d\u4f5c\u54c1\u306e\u500b\u5c55\u304c\u958b\u304b\u308c\u305f\u3002\u307e\u305f2022\u5e7412\u6708\u306b\u306f\u3001\u4e16\u754c\u521d\u6f142\u66f2\u3092\u542b\u3080\u3001\u5168\u66f2\u65e5\u672c\u521d\u6f14\u306e\u5ba4\u5185\u697d\u4f5c\u54c1\u500b\u5c55\u304c\u6771\u4eac\u3067\u958b\u50ac\u3055\u308c\u305f\u3002<\/p>\n<p>\u30d5\u30ea\u30fc\u30e9\u30f3\u30b9\u306e\u4f5c\u66f2\u5bb6\u3068\u3057\u3066\u3001\u30d1\u30fc\u30c8\u30ca\u30fc\u3067\u3042\u308b\u4f5c\u66f2\u5bb6\u306e<a href=\"http:\/\/www.sven-ingo-koch.de\/\" target=\"_blank\" rel=\"noopener\">\u30b9\u30f4\u30a7\u30f3\u2010\u30a4\u30f3\u30b4\u30fb\u30b3\u30c3\u30db<\/a>\u3068\u30c9\u30a4\u30c4\u30fb\u30c7\u30e5\u30c3\u30bb\u30eb\u30c9\u30eb\u30d5\u306b\u5728\u4f4f\u3002<\/p>\n<p>[\/et_pb_text][\/et_pb_column][\/et_pb_row][\/et_pb_section]<\/p>\n","protected":false},"excerpt":{"rendered":"<p>Vita\u97ff\u304d\u306e\u4e2d\u3067\u5149\u308b\u86cd \u2026 \u65e5\u672c\u4eba\u4f5c\u66f2\u5bb6 \u5c71\u53e3\u606d\u5b50\u306f\u3001\u305d\u306e [&hellip;]<\/p>\n","protected":false},"author":1,"featured_media":0,"parent":0,"menu_order":0,"comment_status":"closed","ping_status":"closed","template":"","meta":{"_et_pb_use_builder":"on","_et_pb_old_content":"","_et_gb_content_width":"","footnotes":""},"class_list":["post-2603","page","type-page","status-publish","hentry"],"yoast_head":"<!-- This site is optimized with the Yoast SEO plugin v27.3 - https:\/\/yoast.com\/product\/yoast-seo-wordpress\/ -->\n<title>Vita - Yasuko Yamaguchi<\/title>\n<meta name=\"robots\" content=\"index, follow, max-snippet:-1, max-image-preview:large, max-video-preview:-1\" \/>\n<link rel=\"canonical\" href=\"https:\/\/www.yasukoyamaguchi.com\/ja\/%e3%83%97%e3%83%ad%e3%83%95%e3%82%a3%e3%83%bc%e3%83%ab\/\" \/>\n<meta property=\"og:locale\" content=\"ja_JP\" \/>\n<meta property=\"og:type\" content=\"article\" \/>\n<meta property=\"og:title\" content=\"Vita - Yasuko Yamaguchi\" \/>\n<meta property=\"og:description\" content=\"Vita\u97ff\u304d\u306e\u4e2d\u3067\u5149\u308b\u86cd \u2026 \u65e5\u672c\u4eba\u4f5c\u66f2\u5bb6 \u5c71\u53e3\u606d\u5b50\u306f\u3001\u305d\u306e [&hellip;]\" \/>\n<meta property=\"og:url\" content=\"https:\/\/www.yasukoyamaguchi.com\/ja\/%e3%83%97%e3%83%ad%e3%83%95%e3%82%a3%e3%83%bc%e3%83%ab\/\" \/>\n<meta property=\"og:site_name\" content=\"Yasuko Yamaguchi\" \/>\n<meta property=\"article:modified_time\" content=\"2026-02-08T07:25:40+00:00\" \/>\n<meta name=\"twitter:card\" content=\"summary_large_image\" \/>\n<meta name=\"twitter:label1\" content=\"\u63a8\u5b9a\u8aad\u307f\u53d6\u308a\u6642\u9593\" \/>\n\t<meta name=\"twitter:data1\" content=\"1\u5206\" \/>\n<script type=\"application\/ld+json\" class=\"yoast-schema-graph\">{\"@context\":\"https:\\\/\\\/schema.org\",\"@graph\":[{\"@type\":\"WebPage\",\"@id\":\"https:\\\/\\\/www.yasukoyamaguchi.com\\\/ja\\\/%e3%83%97%e3%83%ad%e3%83%95%e3%82%a3%e3%83%bc%e3%83%ab\\\/\",\"url\":\"https:\\\/\\\/www.yasukoyamaguchi.com\\\/ja\\\/%e3%83%97%e3%83%ad%e3%83%95%e3%82%a3%e3%83%bc%e3%83%ab\\\/\",\"name\":\"Vita - Yasuko Yamaguchi\",\"isPartOf\":{\"@id\":\"https:\\\/\\\/www.yasukoyamaguchi.com\\\/ja\\\/#website\"},\"datePublished\":\"2021-11-30T11:42:46+00:00\",\"dateModified\":\"2026-02-08T07:25:40+00:00\",\"breadcrumb\":{\"@id\":\"https:\\\/\\\/www.yasukoyamaguchi.com\\\/ja\\\/%e3%83%97%e3%83%ad%e3%83%95%e3%82%a3%e3%83%bc%e3%83%ab\\\/#breadcrumb\"},\"inLanguage\":\"ja\",\"potentialAction\":[{\"@type\":\"ReadAction\",\"target\":[\"https:\\\/\\\/www.yasukoyamaguchi.com\\\/ja\\\/%e3%83%97%e3%83%ad%e3%83%95%e3%82%a3%e3%83%bc%e3%83%ab\\\/\"]}]},{\"@type\":\"BreadcrumbList\",\"@id\":\"https:\\\/\\\/www.yasukoyamaguchi.com\\\/ja\\\/%e3%83%97%e3%83%ad%e3%83%95%e3%82%a3%e3%83%bc%e3%83%ab\\\/#breadcrumb\",\"itemListElement\":[{\"@type\":\"ListItem\",\"position\":1,\"name\":\"Startseite\",\"item\":\"https:\\\/\\\/www.yasukoyamaguchi.com\\\/ja\\\/\"},{\"@type\":\"ListItem\",\"position\":2,\"name\":\"Vita\"}]},{\"@type\":\"WebSite\",\"@id\":\"https:\\\/\\\/www.yasukoyamaguchi.com\\\/ja\\\/#website\",\"url\":\"https:\\\/\\\/www.yasukoyamaguchi.com\\\/ja\\\/\",\"name\":\"Yasuko Yamaguchi\",\"description\":\"Komponistin\",\"potentialAction\":[{\"@type\":\"SearchAction\",\"target\":{\"@type\":\"EntryPoint\",\"urlTemplate\":\"https:\\\/\\\/www.yasukoyamaguchi.com\\\/ja\\\/?s={search_term_string}\"},\"query-input\":{\"@type\":\"PropertyValueSpecification\",\"valueRequired\":true,\"valueName\":\"search_term_string\"}}],\"inLanguage\":\"ja\"}]}<\/script>\n<!-- \/ Yoast SEO plugin. -->","yoast_head_json":{"title":"Vita - Yasuko Yamaguchi","robots":{"index":"index","follow":"follow","max-snippet":"max-snippet:-1","max-image-preview":"max-image-preview:large","max-video-preview":"max-video-preview:-1"},"canonical":"https:\/\/www.yasukoyamaguchi.com\/ja\/%e3%83%97%e3%83%ad%e3%83%95%e3%82%a3%e3%83%bc%e3%83%ab\/","og_locale":"ja_JP","og_type":"article","og_title":"Vita - Yasuko Yamaguchi","og_description":"Vita\u97ff\u304d\u306e\u4e2d\u3067\u5149\u308b\u86cd \u2026 \u65e5\u672c\u4eba\u4f5c\u66f2\u5bb6 \u5c71\u53e3\u606d\u5b50\u306f\u3001\u305d\u306e [&hellip;]","og_url":"https:\/\/www.yasukoyamaguchi.com\/ja\/%e3%83%97%e3%83%ad%e3%83%95%e3%82%a3%e3%83%bc%e3%83%ab\/","og_site_name":"Yasuko Yamaguchi","article_modified_time":"2026-02-08T07:25:40+00:00","twitter_card":"summary_large_image","twitter_misc":{"\u63a8\u5b9a\u8aad\u307f\u53d6\u308a\u6642\u9593":"1\u5206"},"schema":{"@context":"https:\/\/schema.org","@graph":[{"@type":"WebPage","@id":"https:\/\/www.yasukoyamaguchi.com\/ja\/%e3%83%97%e3%83%ad%e3%83%95%e3%82%a3%e3%83%bc%e3%83%ab\/","url":"https:\/\/www.yasukoyamaguchi.com\/ja\/%e3%83%97%e3%83%ad%e3%83%95%e3%82%a3%e3%83%bc%e3%83%ab\/","name":"Vita - Yasuko Yamaguchi","isPartOf":{"@id":"https:\/\/www.yasukoyamaguchi.com\/ja\/#website"},"datePublished":"2021-11-30T11:42:46+00:00","dateModified":"2026-02-08T07:25:40+00:00","breadcrumb":{"@id":"https:\/\/www.yasukoyamaguchi.com\/ja\/%e3%83%97%e3%83%ad%e3%83%95%e3%82%a3%e3%83%bc%e3%83%ab\/#breadcrumb"},"inLanguage":"ja","potentialAction":[{"@type":"ReadAction","target":["https:\/\/www.yasukoyamaguchi.com\/ja\/%e3%83%97%e3%83%ad%e3%83%95%e3%82%a3%e3%83%bc%e3%83%ab\/"]}]},{"@type":"BreadcrumbList","@id":"https:\/\/www.yasukoyamaguchi.com\/ja\/%e3%83%97%e3%83%ad%e3%83%95%e3%82%a3%e3%83%bc%e3%83%ab\/#breadcrumb","itemListElement":[{"@type":"ListItem","position":1,"name":"Startseite","item":"https:\/\/www.yasukoyamaguchi.com\/ja\/"},{"@type":"ListItem","position":2,"name":"Vita"}]},{"@type":"WebSite","@id":"https:\/\/www.yasukoyamaguchi.com\/ja\/#website","url":"https:\/\/www.yasukoyamaguchi.com\/ja\/","name":"Yasuko Yamaguchi","description":"Komponistin","potentialAction":[{"@type":"SearchAction","target":{"@type":"EntryPoint","urlTemplate":"https:\/\/www.yasukoyamaguchi.com\/ja\/?s={search_term_string}"},"query-input":{"@type":"PropertyValueSpecification","valueRequired":true,"valueName":"search_term_string"}}],"inLanguage":"ja"}]}},"_links":{"self":[{"href":"https:\/\/www.yasukoyamaguchi.com\/ja\/wp-json\/wp\/v2\/pages\/2603","targetHints":{"allow":["GET"]}}],"collection":[{"href":"https:\/\/www.yasukoyamaguchi.com\/ja\/wp-json\/wp\/v2\/pages"}],"about":[{"href":"https:\/\/www.yasukoyamaguchi.com\/ja\/wp-json\/wp\/v2\/types\/page"}],"author":[{"embeddable":true,"href":"https:\/\/www.yasukoyamaguchi.com\/ja\/wp-json\/wp\/v2\/users\/1"}],"replies":[{"embeddable":true,"href":"https:\/\/www.yasukoyamaguchi.com\/ja\/wp-json\/wp\/v2\/comments?post=2603"}],"version-history":[{"count":10,"href":"https:\/\/www.yasukoyamaguchi.com\/ja\/wp-json\/wp\/v2\/pages\/2603\/revisions"}],"predecessor-version":[{"id":4318,"href":"https:\/\/www.yasukoyamaguchi.com\/ja\/wp-json\/wp\/v2\/pages\/2603\/revisions\/4318"}],"wp:attachment":[{"href":"https:\/\/www.yasukoyamaguchi.com\/ja\/wp-json\/wp\/v2\/media?parent=2603"}],"curies":[{"name":"wp","href":"https:\/\/api.w.org\/{rel}","templated":true}]}}